{"id":2356,"date":"2024-06-11T11:45:02","date_gmt":"2024-06-11T09:45:02","guid":{"rendered":"https:\/\/www.talleresjuper.com\/?page_id=2356"},"modified":"2024-06-11T12:44:17","modified_gmt":"2024-06-11T10:44:17","slug":"blog","status":"publish","type":"page","link":"https:\/\/www.talleresjuper.com\/en\/blog\/","title":{"rendered":"Blog"},"content":{"rendered":"<div data-elementor-type=\"wp-page\" data-elementor-id=\"2356\" class=\"elementor elementor-2356\" data-elementor-post-type=\"page\">\n\t\t\t\t<div class=\"elementor-element elementor-element-d0703e4 e-flex e-con-boxed e-con e-parent\" data-id=\"d0703e4\" data-element_type=\"container\">\n\t\t\t\t\t<div class=\"e-con-inner\">\n\t\t\t\t<div class=\"elementor-element elementor-element-5b89855 elementor-grid-3 elementor-grid-tablet-2 elementor-grid-mobile-1 elementor-posts--align-left elementor-widget elementor-widget-blogmentor_blog_posts\" data-id=\"5b89855\" data-element_type=\"widget\" data-settings=\"{&quot;bm_grid_columns&quot;:&quot;3&quot;,&quot;bm_grid_columns_tablet&quot;:&quot;2&quot;,&quot;bm_grid_columns_mobile&quot;:&quot;1&quot;,&quot;post_card_grid_gap&quot;:{&quot;unit&quot;:&quot;px&quot;,&quot;size&quot;:10,&quot;sizes&quot;:[]},&quot;post_card_row_gap&quot;:{&quot;unit&quot;:&quot;px&quot;,&quot;size&quot;:35,&quot;sizes&quot;:[]}}\" data-widget_type=\"blogmentor_blog_posts.default\">\n\t\t\t\t<div class=\"elementor-widget-container\">\n\t\t\t\t\t\t\t\n\t\t\t\t\t\t\t\t<div class=\"bm-blog-posts-wrapper\" >\n\t\t\t\t\t\t\t<div class=\"bm-blog-posts bm-display-grid elementor-grid elementor-grid-3\" >\n\t\t\t\t    <article id=\"post-2375\" class=\"item bm_layout post-2375 post type-post status-publish format-standard has-post-thumbnail hentry category-sin-categoria\">\n\t\t<div class=\"bm-blog-post-image entry-post-image\">\n\t\t\t<div class=\"bm-post-image clearfix bm-hover-effect bm-hover-effect-blur\">\n\t\t\t\t<img fetchpriority=\"high\" decoding=\"async\" width=\"250\" height=\"250\" src=\"https:\/\/www.talleresjuper.com\/wp-content\/uploads\/2024\/06\/post-beneficios-de-un-cambio-de-aceite-regular-y-su-impacto-en-tu-vehiculo-250x250.jpg\" class=\"attachment-bm-post-thumb size-bm-post-thumb wp-post-image\" alt=\"cambio de aceite coche\" srcset=\"https:\/\/www.talleresjuper.com\/wp-content\/uploads\/2024\/06\/post-beneficios-de-un-cambio-de-aceite-regular-y-su-impacto-en-tu-vehiculo-250x250.jpg 250w, https:\/\/www.talleresjuper.com\/wp-content\/uploads\/2024\/06\/post-beneficios-de-un-cambio-de-aceite-regular-y-su-impacto-en-tu-vehiculo-150x150.jpg 150w\" sizes=\"(max-width: 250px) 100vw, 250px\" \/>\t\t\t<\/div>\n\t\t<\/div>\n        <div class=\"bm-blog-post-content bm_content_box\">\n            <h4 class=\"entry-post-title bm_title\"><a href=\"https:\/\/www.talleresjuper.com\/en\/beneficios-de-un-cambio-de-aceite-regular-y-su-impacto-en-tu-vehiculo\/\" rel=\"bookmark\">Beneficios de un cambio de aceite regular y su impacto en tu veh\u00edculo<\/a><\/h4>            <div class=\"bm-blog-post-meta entry-post-meta bm_meta\">\n                <span class=\"byauthor\"><i class=\"fa fa-user\" aria-hidden=\"true\"><\/i><span class=\"screen-reader-text\">Posted by<\/span><span class=\"author vcard\"><a class=\"url fn n\" href=\"https:\/\/www.talleresjuper.com\/en\">headblue<\/a><\/span><\/span><span class=\"posted-on\"><i class=\"fa fa-clock\" aria-hidden=\"true\"><\/i><a href=\"https:\/\/www.talleresjuper.com\/en\/beneficios-de-un-cambio-de-aceite-regular-y-su-impacto-en-tu-vehiculo\/\" rel=\"bookmark\">June 11, 2024<\/a><\/span><span class=\"cat-links\"><i class=\"fa fa-list-alt\" aria-hidden=\"true\"><\/i>\n<span class=\"screen-reader-text\">Posted in<\/span><a href=\"https:\/\/www.talleresjuper.com\/en\/category\/sin-categoria\/\" rel=\"category tag\">Sin categor\u00eda<\/a><\/span>            <\/div>\n            <div class=\"entry-post-content bm_content\">\n                Beneficios de un cambio de aceite regular y su impacto en tu veh\u00edculo \u00a0 \u00bfSab\u00edas que un cambio de aceite regular es fundamental para mantener <div><a href=\"https:\/\/www.talleresjuper.com\/en\/beneficios-de-un-cambio-de-aceite-regular-y-su-impacto-en-tu-vehiculo\/\" rel=\"bookmark\" class=\"bm-read-more entry-read-more\">Read More \u00bb<\/a><div>            <\/div>\n        <\/div>\n    <\/article>\n    <article id=\"post-2372\" class=\"item bm_layout post-2372 post type-post status-publish format-standard has-post-thumbnail hentry category-sin-categoria\">\n\t\t<div class=\"bm-blog-post-image entry-post-image\">\n\t\t\t<div class=\"bm-post-image clearfix bm-hover-effect bm-hover-effect-blur\">\n\t\t\t\t<img decoding=\"async\" width=\"250\" height=\"250\" src=\"https:\/\/www.talleresjuper.com\/wp-content\/uploads\/2024\/06\/post-cuando-cambiar-los-frenos-de-tu-coche-senales-de-alerta-250x250.jpg\" class=\"attachment-bm-post-thumb size-bm-post-thumb wp-post-image\" alt=\"cuando cambiar frenos coche\" srcset=\"https:\/\/www.talleresjuper.com\/wp-content\/uploads\/2024\/06\/post-cuando-cambiar-los-frenos-de-tu-coche-senales-de-alerta-250x250.jpg 250w, https:\/\/www.talleresjuper.com\/wp-content\/uploads\/2024\/06\/post-cuando-cambiar-los-frenos-de-tu-coche-senales-de-alerta-150x150.jpg 150w\" sizes=\"(max-width: 250px) 100vw, 250px\" \/>\t\t\t<\/div>\n\t\t<\/div>\n        <div class=\"bm-blog-post-content bm_content_box\">\n            <h4 class=\"entry-post-title bm_title\"><a href=\"https:\/\/www.talleresjuper.com\/en\/cuando-cambiar-los-frenos-de-tu-coche-senales-de-alerta\/\" rel=\"bookmark\">\u00bfCu\u00e1ndo cambiar los frenos de tu coche? Se\u00f1ales de alerta<\/a><\/h4>            <div class=\"bm-blog-post-meta entry-post-meta bm_meta\">\n                <span class=\"byauthor\"><i class=\"fa fa-user\" aria-hidden=\"true\"><\/i><span class=\"screen-reader-text\">Posted by<\/span><span class=\"author vcard\"><a class=\"url fn n\" href=\"https:\/\/www.talleresjuper.com\/en\">headblue<\/a><\/span><\/span><span class=\"posted-on\"><i class=\"fa fa-clock\" aria-hidden=\"true\"><\/i><a href=\"https:\/\/www.talleresjuper.com\/en\/cuando-cambiar-los-frenos-de-tu-coche-senales-de-alerta\/\" rel=\"bookmark\">June 11, 2024<\/a><\/span><span class=\"cat-links\"><i class=\"fa fa-list-alt\" aria-hidden=\"true\"><\/i>\n<span class=\"screen-reader-text\">Posted in<\/span><a href=\"https:\/\/www.talleresjuper.com\/en\/category\/sin-categoria\/\" rel=\"category tag\">Sin categor\u00eda<\/a><\/span>            <\/div>\n            <div class=\"entry-post-content bm_content\">\n                \u00bfCu\u00e1ndo cambiar los frenos de tu coche? Se\u00f1ales de alerta \u00bfCu\u00e1ndo cambiar los frenos de tu coche? Esta pregunta es crucial para la seguridad en <div><a href=\"https:\/\/www.talleresjuper.com\/en\/cuando-cambiar-los-frenos-de-tu-coche-senales-de-alerta\/\" rel=\"bookmark\" class=\"bm-read-more entry-read-more\">Read More \u00bb<\/a><div>            <\/div>\n        <\/div>\n    <\/article>\n    <article id=\"post-2368\" class=\"item bm_layout post-2368 post type-post status-publish format-standard has-post-thumbnail hentry category-sin-categoria\">\n\t\t<div class=\"bm-blog-post-image entry-post-image\">\n\t\t\t<div class=\"bm-post-image clearfix bm-hover-effect bm-hover-effect-blur\">\n\t\t\t\t<img decoding=\"async\" width=\"250\" height=\"250\" src=\"https:\/\/www.talleresjuper.com\/wp-content\/uploads\/2024\/06\/post-revision-pre-itv-en-juper-claves-para-pasar-sin-complicaciones-250x250.jpg\" class=\"attachment-bm-post-thumb size-bm-post-thumb wp-post-image\" alt=\"revision ITV\" srcset=\"https:\/\/www.talleresjuper.com\/wp-content\/uploads\/2024\/06\/post-revision-pre-itv-en-juper-claves-para-pasar-sin-complicaciones-250x250.jpg 250w, https:\/\/www.talleresjuper.com\/wp-content\/uploads\/2024\/06\/post-revision-pre-itv-en-juper-claves-para-pasar-sin-complicaciones-150x150.jpg 150w\" sizes=\"(max-width: 250px) 100vw, 250px\" \/>\t\t\t<\/div>\n\t\t<\/div>\n        <div class=\"bm-blog-post-content bm_content_box\">\n            <h4 class=\"entry-post-title bm_title\"><a href=\"https:\/\/www.talleresjuper.com\/en\/revision-pre-itv-en-juper-claves-para-pasar-sin-complicaciones\/\" rel=\"bookmark\">Revisi\u00f3n Pre-ITV en JUPER: Claves para pasar sin complicaciones<\/a><\/h4>            <div class=\"bm-blog-post-meta entry-post-meta bm_meta\">\n                <span class=\"byauthor\"><i class=\"fa fa-user\" aria-hidden=\"true\"><\/i><span class=\"screen-reader-text\">Posted by<\/span><span class=\"author vcard\"><a class=\"url fn n\" href=\"https:\/\/www.talleresjuper.com\/en\">headblue<\/a><\/span><\/span><span class=\"posted-on\"><i class=\"fa fa-clock\" aria-hidden=\"true\"><\/i><a href=\"https:\/\/www.talleresjuper.com\/en\/revision-pre-itv-en-juper-claves-para-pasar-sin-complicaciones\/\" rel=\"bookmark\">June 11, 2024<\/a><\/span><span class=\"cat-links\"><i class=\"fa fa-list-alt\" aria-hidden=\"true\"><\/i>\n<span class=\"screen-reader-text\">Posted in<\/span><a href=\"https:\/\/www.talleresjuper.com\/en\/category\/sin-categoria\/\" rel=\"category tag\">Sin categor\u00eda<\/a><\/span>            <\/div>\n            <div class=\"entry-post-content bm_content\">\n                Revisi\u00f3n Pre-ITV en JUPER: Claves para pasar sin complicaciones En JUPER entendemos lo crucial que es una revisi\u00f3n pre-ITV para el correcto funcionamiento de tu <div><a href=\"https:\/\/www.talleresjuper.com\/en\/revision-pre-itv-en-juper-claves-para-pasar-sin-complicaciones\/\" rel=\"bookmark\" class=\"bm-read-more entry-read-more\">Read More \u00bb<\/a><div>            <\/div>\n        <\/div>\n    <\/article>\n\t\t\t\t<\/div><\/div>\n\t\t\t\t\t\t\t\t<\/div>\n\t\t\t\t<\/div>\n\t\t\t\t\t<\/div>\n\t\t\t\t<\/div>\n\t\t\t\t<\/div>","protected":false},"excerpt":{"rendered":"<p>\u00a1Hola, mundo! Posted by6t4q4iagosto 18, 20221 Posted inSin categor\u00eda Bienvenido a WordPress. Esta es tu primera entrada. Ed\u00edtala o b\u00f3rrala, \u00a1luego empieza a escribir!<\/p>","protected":false},"author":4,"featured_media":0,"parent":0,"menu_order":0,"comment_status":"closed","ping_status":"closed","template":"","meta":{"_acf_changed":false,"footnotes":""},"class_list":["post-2356","page","type-page","status-publish","hentry"],"acf":[],"_links":{"self":[{"href":"https:\/\/www.talleresjuper.com\/en\/wp-json\/wp\/v2\/pages\/2356","targetHints":{"allow":["GET"]}}],"collection":[{"href":"https:\/\/www.talleresjuper.com\/en\/wp-json\/wp\/v2\/pages"}],"about":[{"href":"https:\/\/www.talleresjuper.com\/en\/wp-json\/wp\/v2\/types\/page"}],"author":[{"embeddable":true,"href":"https:\/\/www.talleresjuper.com\/en\/wp-json\/wp\/v2\/users\/4"}],"replies":[{"embeddable":true,"href":"https:\/\/www.talleresjuper.com\/en\/wp-json\/wp\/v2\/comments?post=2356"}],"version-history":[{"count":6,"href":"https:\/\/www.talleresjuper.com\/en\/wp-json\/wp\/v2\/pages\/2356\/revisions"}],"predecessor-version":[{"id":2367,"href":"https:\/\/www.talleresjuper.com\/en\/wp-json\/wp\/v2\/pages\/2356\/revisions\/2367"}],"wp:attachment":[{"href":"https:\/\/www.talleresjuper.com\/en\/wp-json\/wp\/v2\/media?parent=2356"}],"curies":[{"name":"wp","href":"https:\/\/api.w.org\/{rel}","templated":true}]}}